{"id":10,"date":"2022-02-12T22:23:30","date_gmt":"2022-02-12T21:23:30","guid":{"rendered":"https:\/\/comptoirrayssouni.ma\/?page_id=10"},"modified":"2026-02-03T12:40:19","modified_gmt":"2026-02-03T11:40:19","slug":"comptoir-rayssouni","status":"publish","type":"page","link":"https:\/\/comptoirrayssouni.ma\/?page_id=10","title":{"rendered":"Comptoir Rayssouni"},"content":{"rendered":"\t\t<div data-elementor-type=\"wp-page\" data-elementor-id=\"10\" class=\"elementor elementor-10\">\n\t\t\t\t\t\t<section class=\"elementor-section elementor-top-section elementor-element elementor-element-52d21c4 elementor-section-boxed elementor-section-height-default elementor-section-height-default\" data-id=\"52d21c4\" data-element_type=\"section\">\n\t\t\t\t\t\t<div class=\"elementor-container elementor-column-gap-default\">\n\t\t\t\t\t<div class=\"elementor-column elementor-col-100 elementor-top-column elementor-element elementor-element-0b6b8dd\" data-id=\"0b6b8dd\" data-element_type=\"column\">\n\t\t\t<div class=\"elementor-widget-wrap elementor-element-populated\">\n\t\t\t\t\t\t<div class=\"elementor-element elementor-element-15b8945 elementor-widget elementor-widget-text-editor\" data-id=\"15b8945\" data-element_type=\"widget\" data-widget_type=\"text-editor.default\">\n\t\t\t\t\t\t\t\t\t<h2 style=\"margin: 9.0pt 0cm 0cm 0cm;\"><span style=\"font-size: 10.5pt; font-family: Roboto; color: #111111;\"><b>Nous sommes une entreprise de distribution de mat\u00e9riel \u00e9lectrique, de plomberie et de quincaillerie qui fournit des produits de qualit\u00e9 sup\u00e9rieure \u00e0 des prix comp\u00e9titifs. Nous sommes fiers de notre engagement envers nos clients et de notre capacit\u00e9 \u00e0 fournir des solutions personnalis\u00e9es pour r\u00e9pondre \u00e0 leurs besoins sp\u00e9cifiques.<br \/><\/b><\/span><span style=\"font-size: 10.5pt; font-family: Roboto; color: #111111;\"><b>Notre \u00e9quipe de professionnels exp\u00e9riment\u00e9s est l\u00e0 pour vous aider \u00e0 trouver les produits dont vous avez besoin pour votre entreprise. Nous offrons une large gamme de produits, y compris des \u00e9quipements \u00e9lectriques, des outils de plomberie, des accessoires de quincaillerie et bien plus encore.<br \/><\/b><\/span><span style=\"font-size: 10.5pt; font-family: Roboto; color: #111111;\"><b>Nous sommes convaincus que notre engagement envers la qualit\u00e9, le service et la satisfaction du client est ce qui nous distingue de nos concurrents. Nous sommes impatients de travailler avec vous et de vous aider \u00e0 atteindre vos objectifs commerciaux.\u00a0\u00bb<br \/><\/b><\/span><span style=\"font-size: 10.5pt; font-family: Roboto; color: #111111;\"><b>\u00a0<\/b><\/span><\/h2>\t\t\t\t\t\t\t\t<\/div>\n\t\t\t\t\t<\/div>\n\t\t<\/div>\n\t\t\t\t\t<\/div>\n\t\t<\/section>\n\t\t<div class=\"elementor-element elementor-element-a336525 e-flex e-con-boxed e-con e-parent\" data-id=\"a336525\" data-element_type=\"container\">\n\t\t\t\t\t<div class=\"e-con-inner\">\n\t\t\t\t\t<\/div>\n\t\t\t\t<\/div>\n\t\t<div class=\"elementor-element elementor-element-2b1e7b8 e-flex e-con-boxed e-con e-parent\" data-id=\"2b1e7b8\" data-element_type=\"container\">\n\t\t\t\t\t<div class=\"e-con-inner\">\n\t\t\t\t\t<\/div>\n\t\t\t\t<\/div>\n\t\t<div class=\"elementor-element elementor-element-2a12c98 e-flex e-con-boxed e-con e-parent\" data-id=\"2a12c98\" data-element_type=\"container\">\n\t\t\t\t\t<div class=\"e-con-inner\">\n\t\t\t\t<div class=\"elementor-element elementor-element-048cef5 elementor-widget elementor-widget-image\" data-id=\"048cef5\" data-element_type=\"widget\" data-widget_type=\"image.default\">\n\t\t\t\t\t\t\t\t\t\t\t\t\t\t\t\t<a href=\"https:\/\/comptoirrayssouni.ma\/wp-content\/uploads\/2025\/05\/blue-scaled.jpg\" data-elementor-open-lightbox=\"yes\" data-elementor-lightbox-title=\"blue\" data-e-action-hash=\"#elementor-action%3Aaction%3Dlightbox%26settings%3DeyJpZCI6MTQxLCJ1cmwiOiJodHRwczpcL1wvY29tcHRvaXJyYXlzc291bmkubWFcL3dwLWNvbnRlbnRcL3VwbG9hZHNcLzIwMjVcLzA1XC9ibHVlLXNjYWxlZC5qcGcifQ%3D%3D\">\n\t\t\t\t\t\t\t<img fetchpriority=\"high\" decoding=\"async\" width=\"1920\" height=\"2560\" src=\"https:\/\/comptoirrayssouni.ma\/wp-content\/uploads\/2025\/05\/blue-scaled.jpg\" class=\"attachment-full size-full wp-image-141\" alt=\"\" srcset=\"https:\/\/comptoirrayssouni.ma\/wp-content\/uploads\/2025\/05\/blue-scaled.jpg 1920w, https:\/\/comptoirrayssouni.ma\/wp-content\/uploads\/2025\/05\/blue-225x300.jpg 225w, https:\/\/comptoirrayssouni.ma\/wp-content\/uploads\/2025\/05\/blue-768x1024.jpg 768w, https:\/\/comptoirrayssouni.ma\/wp-content\/uploads\/2025\/05\/blue-1152x1536.jpg 1152w, https:\/\/comptoirrayssouni.ma\/wp-content\/uploads\/2025\/05\/blue-1536x2048.jpg 1536w\" sizes=\"(max-width: 1920px) 100vw, 1920px\" \/>\t\t\t\t\t\t\t\t<\/a>\n\t\t\t\t\t\t\t\t\t\t\t\t\t\t\t<\/div>\n\t\t\t\t\t<\/div>\n\t\t\t\t<\/div>\n\t\t\t\t<\/div>\n\t\t","protected":false},"excerpt":{"rendered":"<p>Nous sommes une entreprise de distribution de mat\u00e9riel \u00e9lectrique, de plomberie et de quincaillerie qui fournit des produits de qualit\u00e9 sup\u00e9rieure \u00e0 des prix comp\u00e9titifs. Nous sommes fiers de notre engagement envers nos clients et de notre capacit\u00e9 \u00e0 fournir des solutions personnalis\u00e9es pour r\u00e9pondre \u00e0 leurs besoins sp\u00e9cifiques.Notre \u00e9quipe de professionnels exp\u00e9riment\u00e9s est l\u00e0 &hellip;<\/p>\n<p class=\"read-more\"> <a class=\"\" href=\"https:\/\/comptoirrayssouni.ma\/?page_id=10\"> <span class=\"screen-reader-text\">Comptoir Rayssouni<\/span> Lire la suite\u00a0\u00bb<\/a><\/p>\n","protected":false},"author":1,"featured_media":0,"parent":0,"menu_order":0,"comment_status":"closed","ping_status":"closed","template":"elementor_header_footer","meta":{"site-sidebar-layout":"no-sidebar","site-content-layout":"","ast-site-content-layout":"full-width-container","site-content-style":"default","site-sidebar-style":"default","ast-global-header-display":"","ast-banner-title-visibility":"","ast-main-header-display":"","ast-hfb-above-header-display":"","ast-hfb-below-header-display":"","ast-hfb-mobile-header-display":"","site-post-title":"disabled","ast-breadcrumbs-content":"","ast-featured-img":"disabled","footer-sml-layout":"","theme-transparent-header-meta":"","adv-header-id-meta":"","stick-header-meta":"","header-above-stick-meta":"","header-main-stick-meta":"","header-below-stick-meta":"","astra-migrate-meta-layouts":"default","ast-page-background-enabled":"default","ast-page-background-meta":{"desktop":{"background-color":"var(--ast-global-color-4)","background-image":"","background-repeat":"repeat","background-position":"center center","background-size":"auto","background-attachment":"scroll","background-type":"","background-media":"","overlay-type":"","overlay-color":"","overlay-gradient":""},"tablet":{"background-color":"","background-image":"","background-repeat":"repeat","background-position":"center center","background-size":"auto","background-attachment":"scroll","background-type":"","background-media":"","overlay-type":"","overlay-color":"","overlay-gradient":""},"mobile":{"background-color":"","background-image":"","background-repeat":"repeat","background-position":"center center","background-size":"auto","background-attachment":"scroll","background-type":"","background-media":"","overlay-type":"","overlay-color":"","overlay-gradient":""}},"ast-content-background-meta":{"desktop":{"background-color":"var(--ast-global-color-5)","background-image":"","background-repeat":"repeat","background-position":"center center","background-size":"auto","background-attachment":"scroll","background-type":"","background-media":"","overlay-type":"","overlay-color":"","overlay-gradient":""},"tablet":{"background-color":"var(--ast-global-color-5)","background-image":"","background-repeat":"repeat","background-position":"center center","background-size":"auto","background-attachment":"scroll","background-type":"","background-media":"","overlay-type":"","overlay-color":"","overlay-gradient":""},"mobile":{"background-color":"var(--ast-global-color-5)","background-image":"","background-repeat":"repeat","background-position":"center center","background-size":"auto","background-attachment":"scroll","background-type":"","background-media":"","overlay-type":"","overlay-color":"","overlay-gradient":""}},"footnotes":""},"class_list":["post-10","page","type-page","status-publish","hentry"],"_links":{"self":[{"href":"https:\/\/comptoirrayssouni.ma\/index.php?rest_route=\/wp\/v2\/pages\/10","targetHints":{"allow":["GET"]}}],"collection":[{"href":"https:\/\/comptoirrayssouni.ma\/index.php?rest_route=\/wp\/v2\/pages"}],"about":[{"href":"https:\/\/comptoirrayssouni.ma\/index.php?rest_route=\/wp\/v2\/types\/page"}],"author":[{"embeddable":true,"href":"https:\/\/comptoirrayssouni.ma\/index.php?rest_route=\/wp\/v2\/users\/1"}],"replies":[{"embeddable":true,"href":"https:\/\/comptoirrayssouni.ma\/index.php?rest_route=%2Fwp%2Fv2%2Fcomments&post=10"}],"version-history":[{"count":7,"href":"https:\/\/comptoirrayssouni.ma\/index.php?rest_route=\/wp\/v2\/pages\/10\/revisions"}],"predecessor-version":[{"id":148,"href":"https:\/\/comptoirrayssouni.ma\/index.php?rest_route=\/wp\/v2\/pages\/10\/revisions\/148"}],"wp:attachment":[{"href":"https:\/\/comptoirrayssouni.ma\/index.php?rest_route=%2Fwp%2Fv2%2Fmedia&parent=10"}],"curies":[{"name":"wp","href":"https:\/\/api.w.org\/{rel}","templated":true}]}}